{"id":230,"date":"2012-10-07T18:35:40","date_gmt":"2012-10-07T18:35:40","guid":{"rendered":"http:\/\/www.gs-schweigert.de\/?page_id=230"},"modified":"2012-10-07T18:35:40","modified_gmt":"2012-10-07T18:35:40","slug":"reiten","status":"publish","type":"page","link":"http:\/\/www.gs-schweigert.de\/?page_id=230","title":{"rendered":"Reiten"},"content":{"rendered":"<p>G\u00fcnter und ich nehmen regelm\u00e4\u00dfig Reitstunden. W\u00e4hrend ich auch meinen Spa\u00df an Dressurlektionen haben kann, teilen wir die Freude an Ausritten. Am meisten Spa\u00df machen die Ausritte dann, wenn wir das Gel\u00e4nde noch nicht kennen. Aus diesem Grund ist bei so gut wie jedem Jahresurlaub ein Reiterhof unser Urlaubsziel. Man kann von dort aus ja auch noch anderes unternehmen &#8230;<\/p>\n","protected":false},"excerpt":{"rendered":"<p>G\u00fcnter und ich nehmen regelm\u00e4\u00dfig Reitstunden. W\u00e4hrend ich auch meinen Spa\u00df an Dressurlektionen haben kann, teilen wir die Freude an Ausritten. Am meisten Spa\u00df machen die Ausritte dann, wenn wir das Gel\u00e4nde noch nicht kennen. Aus diesem Grund ist bei &hellip; <a href=\"http:\/\/www.gs-schweigert.de\/?page_id=230\">Lesen fortsetzen <span class=\"meta-nav\">&rarr;<\/span><\/a><\/p>\n","protected":false},"author":1,"featured_media":0,"parent":13,"menu_order":0,"comment_status":"closed","ping_status":"closed","template":"","meta":[],"_links":{"self":[{"href":"http:\/\/www.gs-schweigert.de\/index.php?rest_route=\/wp\/v2\/pages\/230"}],"collection":[{"href":"http:\/\/www.gs-schweigert.de\/index.php?rest_route=\/wp\/v2\/pages"}],"about":[{"href":"http:\/\/www.gs-schweigert.de\/index.php?rest_route=\/wp\/v2\/types\/page"}],"author":[{"embeddable":true,"href":"http:\/\/www.gs-schweigert.de\/index.php?rest_route=\/wp\/v2\/users\/1"}],"replies":[{"embeddable":true,"href":"http:\/\/www.gs-schweigert.de\/index.php?rest_route=%2Fwp%2Fv2%2Fcomments&post=230"}],"version-history":[{"count":1,"href":"http:\/\/www.gs-schweigert.de\/index.php?rest_route=\/wp\/v2\/pages\/230\/revisions"}],"predecessor-version":[{"id":231,"href":"http:\/\/www.gs-schweigert.de\/index.php?rest_route=\/wp\/v2\/pages\/230\/revisions\/231"}],"up":[{"embeddable":true,"href":"http:\/\/www.gs-schweigert.de\/index.php?rest_route=\/wp\/v2\/pages\/13"}],"wp:attachment":[{"href":"http:\/\/www.gs-schweigert.de\/index.php?rest_route=%2Fwp%2Fv2%2Fmedia&parent=230"}],"curies":[{"name":"wp","href":"https:\/\/api.w.org\/{rel}","templated":true}]}}