{"id":8,"date":"2012-05-18T14:50:27","date_gmt":"2012-05-18T14:50:27","guid":{"rendered":"http:\/\/www.gs-schweigert.de\/?page_id=8"},"modified":"2014-03-22T13:27:26","modified_gmt":"2014-03-22T13:27:26","slug":"vita-susanne","status":"publish","type":"page","link":"http:\/\/www.gs-schweigert.de\/?page_id=8","title":{"rendered":"Vita Susanne"},"content":{"rendered":"<figure id=\"attachment_621\" aria-labelledby=\"figcaption_attachment_621\" class=\"wp-caption alignleft\" style=\"width: 310px\"><a href=\"http:\/\/www.gs-schweigert.de\/wp-content\/uploads\/2012\/05\/L1020166.jpg\"><img loading=\"lazy\" class=\"size-medium wp-image-621\" title=\"L1020166\" alt=\"\" src=\"http:\/\/www.gs-schweigert.de\/wp-content\/uploads\/2012\/05\/L1020166-300x225.jpg\" width=\"300\" height=\"225\" srcset=\"http:\/\/www.gs-schweigert.de\/wp-content\/uploads\/2012\/05\/L1020166-300x225.jpg 300w, http:\/\/www.gs-schweigert.de\/wp-content\/uploads\/2012\/05\/L1020166-1024x768.jpg 1024w, http:\/\/www.gs-schweigert.de\/wp-content\/uploads\/2012\/05\/L1020166.jpg 1600w\" sizes=\"(max-width: 300px) 100vw, 300px\" \/><\/a><figcaption id=\"figcaption_attachment_621\" class=\"wp-caption-text\">Urlaub muss auch sein, hier in Ronda\/Andalusien<\/figcaption><\/figure>\n<p>Ich bin seit fast 20 Jahren als Technische Redakteurin t\u00e4tig. Nach der Ausbildung zur &#8222;Datentechnischen Assistentin&#8220; (so hie\u00df das damals) an der <a href=\"http:\/\/www.fh-isny.de\/?id=295\" target=\"_blank\">NTA Isny<\/a> und ersten praktischen Erfahrungen im Pr\u00fcffeld der <a href=\"http:\/\/www.vega.com\/de\/index.htm\" target=\"_blank\">VEGA Grieshaber KG<\/a> in Schiltach ging ich den entscheidenden Schritt und kombinierte die Lust am Schreiben mit dem Interesse an Technik. Berufliche Stationen seither waren Schiele Industriewerke (Industrie-Elektronik, SPS) in Hornberg, abaXX (E-Business) in Stuttgart, <a href=\"http:\/\/www.buerkle-gmbh.de\/holzwerkstoffindustrie.html\" target=\"_blank\">Robert B\u00fcrkle GmbH<\/a> (Lackiermaschinen) in Freudenstadt, <a href=\"http:\/\/www.mbtech-group.com\/eu-de\/unternehmen\/home.html\" target=\"_blank\">MB-tech Group<\/a> in Sindelfingen (System- und Steuerger\u00e4tebeschreibungen f\u00fcr Mercedes-Benz PKW), Ingenieurb\u00fcro\u00a0<a href=\"http:\/\/www.dextor.eu\/\" target=\"_blank\">DEXTOR GmbH<\/a> in Aichelberg (dort haupts\u00e4chlich\u00a0f\u00fcr <a href=\"http:\/\/www.kleemann.info\/de\/\" target=\"_blank\">Kleemann GmbH<\/a> in G\u00f6ppingen eingesetzt).<\/p>\n<p>Seit Oktober 2013 arbeite ich bei <a href=\"http:\/\/www.faro.com\/de-de\" target=\"_blank\">FARO Europe GmbH<\/a> und bin dort f\u00fcr die Erstellung der<br \/>\nBedienanleitungen f\u00fcr den 3D Laserscanner und der zugeh\u00f6rigen Software zust\u00e4ndig.<\/p>\n<p><strong>Gute Software-Kenntnisse<\/strong>: Windows XP, Windows 7, Windows 8, Apple OS, MS-Office, Adobe Acrobat, Illustrator, Photoshop, FrameMaker, InDesign, Redaktionssystem TIM-RS.<br \/>\n<strong>Software-Grundkenntnisse<\/strong>: Siemens NX (CAD &#8211; zur Recherche), Siemens Teamcenter Professional (CAD-Grafikbearbeitung), SAP (Recherche).<\/p>\n<p><strong>Muttersprache<\/strong>: Mittelbadisch ;-)<br \/>\n<strong>Fremdsprachen<\/strong>: Akzentfreies Hochdeutsch ;-), Englisch sehr gut in Wort und Schrift, in Frankreich und\u00a0Norwegen k\u00f6nnte ich \u00fcberleben, erweiterter Urlaubswortschatz in Italienisch, Spanisch, Portugiesisch, ein wenig Russisch<\/p>\n","protected":false},"excerpt":{"rendered":"<p>Ich bin seit fast 20 Jahren als Technische Redakteurin t\u00e4tig. Nach der Ausbildung zur &#8222;Datentechnischen Assistentin&#8220; (so hie\u00df das damals) an der NTA Isny und ersten praktischen Erfahrungen im Pr\u00fcffeld der VEGA Grieshaber KG in Schiltach ging ich den entscheidenden &hellip; <a href=\"http:\/\/www.gs-schweigert.de\/?page_id=8\">Lesen fortsetzen <span class=\"meta-nav\">&rarr;<\/span><\/a><\/p>\n","protected":false},"author":1,"featured_media":0,"parent":0,"menu_order":2,"comment_status":"open","ping_status":"open","template":"","meta":[],"_links":{"self":[{"href":"http:\/\/www.gs-schweigert.de\/index.php?rest_route=\/wp\/v2\/pages\/8"}],"collection":[{"href":"http:\/\/www.gs-schweigert.de\/index.php?rest_route=\/wp\/v2\/pages"}],"about":[{"href":"http:\/\/www.gs-schweigert.de\/index.php?rest_route=\/wp\/v2\/types\/page"}],"author":[{"embeddable":true,"href":"http:\/\/www.gs-schweigert.de\/index.php?rest_route=\/wp\/v2\/users\/1"}],"replies":[{"embeddable":true,"href":"http:\/\/www.gs-schweigert.de\/index.php?rest_route=%2Fwp%2Fv2%2Fcomments&post=8"}],"version-history":[{"count":13,"href":"http:\/\/www.gs-schweigert.de\/index.php?rest_route=\/wp\/v2\/pages\/8\/revisions"}],"predecessor-version":[{"id":656,"href":"http:\/\/www.gs-schweigert.de\/index.php?rest_route=\/wp\/v2\/pages\/8\/revisions\/656"}],"wp:attachment":[{"href":"http:\/\/www.gs-schweigert.de\/index.php?rest_route=%2Fwp%2Fv2%2Fmedia&parent=8"}],"curies":[{"name":"wp","href":"https:\/\/api.w.org\/{rel}","templated":true}]}}