{"id":13,"date":"2012-05-28T15:49:39","date_gmt":"2012-05-28T15:49:39","guid":{"rendered":"http:\/\/www.gs-schweigert.de\/?page_id=13"},"modified":"2021-02-09T16:48:54","modified_gmt":"2021-02-09T16:48:54","slug":"hobbies","status":"publish","type":"page","link":"https:\/\/www.gs-schweigert.de\/?page_id=13","title":{"rendered":"Hobbies"},"content":{"rendered":"<p>Unser gro\u00dfes gemeinsames Hobby ist das &#8222;Living History&#8220;, also das Darstellen einer vergangenen Zeit. Wie bei Vielen&nbsp; ist diese Zeit im Mittealter angesiedelt, genau gesagt um das Jahr 1150 n. Chr.<br \/>\nIhr findet uns nicht auf &#8222;Spektakulums&#8220; aller Art, das ist nicht unser Ding, sondern auf den Veranstaltungen, auf denen versucht wird, m\u00f6glichst nahe an der Realit\u00e4t zu bleiben, oder zumindest an dem, was wir heute \u00fcber die damalige Realit\u00e4t wissen.<\/p>\n<p>Unser zweites Hobby ist das Reiten.<br \/>\nWir sind so genannte Freizeitreiter (gehen nicht auf Turniere), nehmen allerdings regelm\u00e4\u00dfig Unterricht, auch gerne im Urlaub bei anderen Reitlehrern und anderen Reitweisen. Am liebsten aber durchstreifen wir zu Pferd sch\u00f6ne Landschaften.&nbsp; Davon gibt es auf diversen Urlaubsseiten einige Fotos.<\/p>\n<p>Was wir im Urlaub neben gut essen und trinken auch noch machen, hat mit unserem Interesse am Mittelalter zu tun und an G\u00fcnters beruflicher T\u00e4tigkeit: wir treiben uns gerne in alten St\u00e4dten und St\u00e4tten herum und wandern bevorzugt dort, wo es Fossilien zu finden gibt.<\/p>\n<p>&nbsp;<\/p>\n","protected":false},"excerpt":{"rendered":"<p>Unser gro\u00dfes gemeinsames Hobby ist das &#8222;Living History&#8220;, also das Darstellen einer vergangenen Zeit. Wie bei Vielen&nbsp; ist diese Zeit im Mittealter angesiedelt, genau gesagt um das Jahr 1150 n. Chr. Ihr findet uns nicht auf &#8222;Spektakulums&#8220; aller Art, das &hellip; <a href=\"https:\/\/www.gs-schweigert.de\/?page_id=13\">Lesen fortsetzen <span class=\"meta-nav\">&rarr;<\/span><\/a><\/p>\n","protected":false},"author":1,"featured_media":0,"parent":0,"menu_order":0,"comment_status":"closed","ping_status":"open","template":"","meta":[],"_links":{"self":[{"href":"https:\/\/www.gs-schweigert.de\/index.php?rest_route=\/wp\/v2\/pages\/13"}],"collection":[{"href":"https:\/\/www.gs-schweigert.de\/index.php?rest_route=\/wp\/v2\/pages"}],"about":[{"href":"https:\/\/www.gs-schweigert.de\/index.php?rest_route=\/wp\/v2\/types\/page"}],"author":[{"embeddable":true,"href":"https:\/\/www.gs-schweigert.de\/index.php?rest_route=\/wp\/v2\/users\/1"}],"replies":[{"embeddable":true,"href":"https:\/\/www.gs-schweigert.de\/index.php?rest_route=%2Fwp%2Fv2%2Fcomments&post=13"}],"version-history":[{"count":4,"href":"https:\/\/www.gs-schweigert.de\/index.php?rest_route=\/wp\/v2\/pages\/13\/revisions"}],"predecessor-version":[{"id":789,"href":"https:\/\/www.gs-schweigert.de\/index.php?rest_route=\/wp\/v2\/pages\/13\/revisions\/789"}],"wp:attachment":[{"href":"https:\/\/www.gs-schweigert.de\/index.php?rest_route=%2Fwp%2Fv2%2Fmedia&parent=13"}],"curies":[{"name":"wp","href":"https:\/\/api.w.org\/{rel}","templated":true}]}}