{"id":456,"date":"2012-11-01T16:43:32","date_gmt":"2012-11-01T16:43:32","guid":{"rendered":"http:\/\/www.gs-schweigert.de\/?page_id=456"},"modified":"2012-11-01T16:43:32","modified_gmt":"2012-11-01T16:43:32","slug":"reisen","status":"publish","type":"page","link":"https:\/\/www.gs-schweigert.de\/?page_id=456","title":{"rendered":"Reisen"},"content":{"rendered":"<p>Wir sind in der gl\u00fccklichen Lage, 2x\/ Jahr Urlaub machen zu k\u00f6nnen. \u00dcblicherweise eine Woche im Fr\u00fchjahr (M\u00e4rz oder anfang April) und zwei Wochen im Herbst. Unsere Reiseziele bislang waren alle innerhalb Europas, weil es das, was wir im Urlaub brauchen, nicht nur auf irgendwelchen fernen Inseln gibt: eine sch\u00f6ne, m\u00f6glichst original erhaltene Landschaft, gutes Essen und Trinken und vor allem: wenig Tourismus.<\/p>\n","protected":false},"excerpt":{"rendered":"<p>Wir sind in der gl\u00fccklichen Lage, 2x\/ Jahr Urlaub machen zu k\u00f6nnen. \u00dcblicherweise eine Woche im Fr\u00fchjahr (M\u00e4rz oder anfang April) und zwei Wochen im Herbst. Unsere Reiseziele bislang waren alle innerhalb Europas, weil es das, was wir im Urlaub &hellip; <a href=\"https:\/\/www.gs-schweigert.de\/?page_id=456\">Lesen fortsetzen <span class=\"meta-nav\">&rarr;<\/span><\/a><\/p>\n","protected":false},"author":1,"featured_media":0,"parent":13,"menu_order":0,"comment_status":"closed","ping_status":"closed","template":"","meta":[],"_links":{"self":[{"href":"https:\/\/www.gs-schweigert.de\/index.php?rest_route=\/wp\/v2\/pages\/456"}],"collection":[{"href":"https:\/\/www.gs-schweigert.de\/index.php?rest_route=\/wp\/v2\/pages"}],"about":[{"href":"https:\/\/www.gs-schweigert.de\/index.php?rest_route=\/wp\/v2\/types\/page"}],"author":[{"embeddable":true,"href":"https:\/\/www.gs-schweigert.de\/index.php?rest_route=\/wp\/v2\/users\/1"}],"replies":[{"embeddable":true,"href":"https:\/\/www.gs-schweigert.de\/index.php?rest_route=%2Fwp%2Fv2%2Fcomments&post=456"}],"version-history":[{"count":1,"href":"https:\/\/www.gs-schweigert.de\/index.php?rest_route=\/wp\/v2\/pages\/456\/revisions"}],"predecessor-version":[{"id":457,"href":"https:\/\/www.gs-schweigert.de\/index.php?rest_route=\/wp\/v2\/pages\/456\/revisions\/457"}],"up":[{"embeddable":true,"href":"https:\/\/www.gs-schweigert.de\/index.php?rest_route=\/wp\/v2\/pages\/13"}],"wp:attachment":[{"href":"https:\/\/www.gs-schweigert.de\/index.php?rest_route=%2Fwp%2Fv2%2Fmedia&parent=456"}],"curies":[{"name":"wp","href":"https:\/\/api.w.org\/{rel}","templated":true}]}}