{"id":460,"date":"2012-11-01T17:08:49","date_gmt":"2012-11-01T17:08:49","guid":{"rendered":"http:\/\/www.gs-schweigert.de\/?page_id=460"},"modified":"2012-11-02T14:47:31","modified_gmt":"2012-11-02T14:47:31","slug":"nordportugal-vila-praia-de-ancora","status":"publish","type":"page","link":"https:\/\/www.gs-schweigert.de\/?page_id=460","title":{"rendered":"Nordportugal 2012 &#8211; Vila Praia de \u00c2ncora"},"content":{"rendered":"<p>Nachdem wir die erste Woche ca. 1 Autostunde \u00f6stlich im Nationalpark Peneda-Ger\u00eas waren, hatten wir in der zweiten Woche ein sehr sch\u00f6nes Ferienhaus etwas au\u00dferhalb von Vila Praia de \u00c2ncora, das wir \u00fcber <a href=\"http:\/\/www.dasilva.de\/index.php\" target=\"_blank\">DaSilva<\/a> gebucht hatten. Anfang Oktober ist die Urlaubssaion nat\u00fcrlich vorbei, und so war von Tourismus nichts mehr zu sp\u00fcren. Wir hatten die riesigen Sandstr\u00e4nde fast f\u00fcr uns alleine &#8230;<br \/>\nTags\u00fcber gingen wir im Hinterland auf Wandertouren, faulenzten dann im G\u00e4rtchen bis zum Abend und fuhren dann hinunter in den Ort, in dem es erstaunlich viele Restaurants gibt. Man kann hervorragend Fisch und Meeresfr\u00fcchte essen sowie eine regionale Version des Pfeffersteaks. Die Portionen waren immer ausreichend, vor allem dann, wenn man wie \u00fcblich auch etwas von den Vorspeisen nimmt &#8211; und in <a href=\"http:\/\/fortaleza-ancora.blogspot.de\/\" target=\"_blank\">einem Restaurant<\/a> geradezu gigantisch. Eine Portion reicht da locker f\u00fcr zwei!<br \/>\nWas man zur Zeit nicht nur in den allgegenw\u00e4rtigen Fernsehern sieht, ist die Wirtschaftskrise in Portugal. Wie schon zuvor in Irland gibt es \u00fcberall H\u00e4user zu kaufen, sieht man verlassene Baustellen, in den Orten Menschen in arbeitsf\u00e4higem Alter tags\u00fcber herumsitzen &#8230; man darf nicht allzu sehr dar\u00fcber nachdenken.<\/p>\n<div id='gallery-1' class='gallery galleryid-460 gallery-columns-3 gallery-size-thumbnail'><dl class='gallery-item'>\n\t\t\t<dt class='gallery-icon landscape'>\n\t\t\t\t<a href='https:\/\/www.gs-schweigert.de\/?attachment_id=482'><img width=\"150\" height=\"150\" src=\"https:\/\/www.gs-schweigert.de\/wp-content\/uploads\/2012\/11\/DSC_0248-150x150.jpg\" class=\"attachment-thumbnail size-thumbnail\" alt=\"\" loading=\"lazy\" \/><\/a>\n\t\t\t<\/dt><\/dl><dl class='gallery-item'>\n\t\t\t<dt class='gallery-icon landscape'>\n\t\t\t\t<a href='https:\/\/www.gs-schweigert.de\/?attachment_id=485'><img width=\"150\" height=\"150\" src=\"https:\/\/www.gs-schweigert.de\/wp-content\/uploads\/2012\/11\/DSC_0257-150x150.jpg\" class=\"attachment-thumbnail size-thumbnail\" alt=\"\" loading=\"lazy\" \/><\/a>\n\t\t\t<\/dt><\/dl><dl class='gallery-item'>\n\t\t\t<dt class='gallery-icon landscape'>\n\t\t\t\t<a href='https:\/\/www.gs-schweigert.de\/?attachment_id=484'><img width=\"150\" height=\"150\" src=\"https:\/\/www.gs-schweigert.de\/wp-content\/uploads\/2012\/11\/DSC_0255-150x150.jpg\" class=\"attachment-thumbnail size-thumbnail\" alt=\"\" loading=\"lazy\" \/><\/a>\n\t\t\t<\/dt><\/dl><br style=\"clear: both\" \/><dl class='gallery-item'>\n\t\t\t<dt class='gallery-icon landscape'>\n\t\t\t\t<a href='https:\/\/www.gs-schweigert.de\/?attachment_id=486'><img width=\"150\" height=\"150\" src=\"https:\/\/www.gs-schweigert.de\/wp-content\/uploads\/2012\/11\/DSC_0258-150x150.jpg\" class=\"attachment-thumbnail size-thumbnail\" alt=\"\" loading=\"lazy\" \/><\/a>\n\t\t\t<\/dt><\/dl><dl class='gallery-item'>\n\t\t\t<dt class='gallery-icon landscape'>\n\t\t\t\t<a href='https:\/\/www.gs-schweigert.de\/?attachment_id=483'><img width=\"150\" height=\"150\" src=\"https:\/\/www.gs-schweigert.de\/wp-content\/uploads\/2012\/11\/DSC_0253-150x150.jpg\" class=\"attachment-thumbnail size-thumbnail\" alt=\"\" loading=\"lazy\" \/><\/a>\n\t\t\t<\/dt><\/dl><dl class='gallery-item'>\n\t\t\t<dt class='gallery-icon landscape'>\n\t\t\t\t<a href='https:\/\/www.gs-schweigert.de\/?attachment_id=487'><img width=\"150\" height=\"150\" src=\"https:\/\/www.gs-schweigert.de\/wp-content\/uploads\/2012\/11\/DSC_0259-150x150.jpg\" class=\"attachment-thumbnail size-thumbnail\" alt=\"\" loading=\"lazy\" \/><\/a>\n\t\t\t<\/dt><\/dl><br style=\"clear: both\" \/><dl class='gallery-item'>\n\t\t\t<dt class='gallery-icon landscape'>\n\t\t\t\t<a href='https:\/\/www.gs-schweigert.de\/?attachment_id=468'><img width=\"150\" height=\"150\" src=\"https:\/\/www.gs-schweigert.de\/wp-content\/uploads\/2012\/11\/L1050994-150x150.jpg\" class=\"attachment-thumbnail size-thumbnail\" alt=\"\" loading=\"lazy\" \/><\/a>\n\t\t\t<\/dt><\/dl><dl class='gallery-item'>\n\t\t\t<dt class='gallery-icon landscape'>\n\t\t\t\t<a href='https:\/\/www.gs-schweigert.de\/?attachment_id=469'><img width=\"150\" height=\"150\" src=\"https:\/\/www.gs-schweigert.de\/wp-content\/uploads\/2012\/11\/L1060005-150x150.jpg\" class=\"attachment-thumbnail size-thumbnail\" alt=\"\" loading=\"lazy\" \/><\/a>\n\t\t\t<\/dt><\/dl><dl class='gallery-item'>\n\t\t\t<dt class='gallery-icon landscape'>\n\t\t\t\t<a href='https:\/\/www.gs-schweigert.de\/?attachment_id=470'><img width=\"150\" height=\"150\" src=\"https:\/\/www.gs-schweigert.de\/wp-content\/uploads\/2012\/11\/L1060008-150x150.jpg\" class=\"attachment-thumbnail size-thumbnail\" alt=\"\" loading=\"lazy\" \/><\/a>\n\t\t\t<\/dt><\/dl><br style=\"clear: both\" \/><dl class='gallery-item'>\n\t\t\t<dt class='gallery-icon landscape'>\n\t\t\t\t<a href='https:\/\/www.gs-schweigert.de\/?attachment_id=471'><img width=\"150\" height=\"150\" src=\"https:\/\/www.gs-schweigert.de\/wp-content\/uploads\/2012\/11\/L1060010-150x150.jpg\" class=\"attachment-thumbnail size-thumbnail\" alt=\"\" loading=\"lazy\" \/><\/a>\n\t\t\t<\/dt><\/dl><dl class='gallery-item'>\n\t\t\t<dt class='gallery-icon portrait'>\n\t\t\t\t<a href='https:\/\/www.gs-schweigert.de\/?attachment_id=472'><img width=\"150\" height=\"150\" src=\"https:\/\/www.gs-schweigert.de\/wp-content\/uploads\/2012\/11\/L1060012-150x150.jpg\" class=\"attachment-thumbnail size-thumbnail\" alt=\"\" loading=\"lazy\" \/><\/a>\n\t\t\t<\/dt><\/dl><dl class='gallery-item'>\n\t\t\t<dt class='gallery-icon landscape'>\n\t\t\t\t<a href='https:\/\/www.gs-schweigert.de\/?attachment_id=473'><img width=\"150\" height=\"150\" src=\"https:\/\/www.gs-schweigert.de\/wp-content\/uploads\/2012\/11\/L1060014-150x150.jpg\" class=\"attachment-thumbnail size-thumbnail\" alt=\"\" loading=\"lazy\" \/><\/a>\n\t\t\t<\/dt><\/dl><br style=\"clear: both\" \/><dl class='gallery-item'>\n\t\t\t<dt class='gallery-icon landscape'>\n\t\t\t\t<a href='https:\/\/www.gs-schweigert.de\/?attachment_id=474'><img width=\"150\" height=\"150\" src=\"https:\/\/www.gs-schweigert.de\/wp-content\/uploads\/2012\/11\/L1060016-150x150.jpg\" class=\"attachment-thumbnail size-thumbnail\" alt=\"\" loading=\"lazy\" \/><\/a>\n\t\t\t<\/dt><\/dl><dl class='gallery-item'>\n\t\t\t<dt class='gallery-icon landscape'>\n\t\t\t\t<a href='https:\/\/www.gs-schweigert.de\/?attachment_id=475'><img width=\"150\" height=\"150\" src=\"https:\/\/www.gs-schweigert.de\/wp-content\/uploads\/2012\/11\/L1060019-150x150.jpg\" class=\"attachment-thumbnail size-thumbnail\" alt=\"\" loading=\"lazy\" \/><\/a>\n\t\t\t<\/dt><\/dl><dl class='gallery-item'>\n\t\t\t<dt class='gallery-icon landscape'>\n\t\t\t\t<a href='https:\/\/www.gs-schweigert.de\/?attachment_id=476'><img width=\"150\" height=\"150\" src=\"https:\/\/www.gs-schweigert.de\/wp-content\/uploads\/2012\/11\/L1060021-150x150.jpg\" class=\"attachment-thumbnail size-thumbnail\" alt=\"\" loading=\"lazy\" \/><\/a>\n\t\t\t<\/dt><\/dl><br style=\"clear: both\" \/><dl class='gallery-item'>\n\t\t\t<dt class='gallery-icon landscape'>\n\t\t\t\t<a href='https:\/\/www.gs-schweigert.de\/?attachment_id=477'><img width=\"150\" height=\"150\" src=\"https:\/\/www.gs-schweigert.de\/wp-content\/uploads\/2012\/11\/L1060024-150x150.jpg\" class=\"attachment-thumbnail size-thumbnail\" alt=\"\" loading=\"lazy\" \/><\/a>\n\t\t\t<\/dt><\/dl><dl class='gallery-item'>\n\t\t\t<dt class='gallery-icon landscape'>\n\t\t\t\t<a href='https:\/\/www.gs-schweigert.de\/?attachment_id=478'><img width=\"150\" height=\"150\" src=\"https:\/\/www.gs-schweigert.de\/wp-content\/uploads\/2012\/11\/L1060029-150x150.jpg\" class=\"attachment-thumbnail size-thumbnail\" alt=\"\" loading=\"lazy\" \/><\/a>\n\t\t\t<\/dt><\/dl><dl class='gallery-item'>\n\t\t\t<dt class='gallery-icon landscape'>\n\t\t\t\t<a href='https:\/\/www.gs-schweigert.de\/?attachment_id=479'><img width=\"150\" height=\"150\" src=\"https:\/\/www.gs-schweigert.de\/wp-content\/uploads\/2012\/11\/L1060035-150x150.jpg\" class=\"attachment-thumbnail size-thumbnail\" alt=\"\" loading=\"lazy\" \/><\/a>\n\t\t\t<\/dt><\/dl><br style=\"clear: both\" \/><dl class='gallery-item'>\n\t\t\t<dt class='gallery-icon landscape'>\n\t\t\t\t<a href='https:\/\/www.gs-schweigert.de\/?attachment_id=467'><img width=\"150\" height=\"150\" src=\"https:\/\/www.gs-schweigert.de\/wp-content\/uploads\/2012\/11\/L1050992-150x150.jpg\" class=\"attachment-thumbnail size-thumbnail\" alt=\"\" loading=\"lazy\" \/><\/a>\n\t\t\t<\/dt><\/dl><dl class='gallery-item'>\n\t\t\t<dt class='gallery-icon landscape'>\n\t\t\t\t<a href='https:\/\/www.gs-schweigert.de\/?attachment_id=480'><img width=\"150\" height=\"150\" src=\"https:\/\/www.gs-schweigert.de\/wp-content\/uploads\/2012\/11\/L1060038-150x150.jpg\" class=\"attachment-thumbnail size-thumbnail\" alt=\"\" loading=\"lazy\" \/><\/a>\n\t\t\t<\/dt><\/dl><dl class='gallery-item'>\n\t\t\t<dt class='gallery-icon landscape'>\n\t\t\t\t<a href='https:\/\/www.gs-schweigert.de\/?attachment_id=481'><img width=\"150\" height=\"150\" src=\"https:\/\/www.gs-schweigert.de\/wp-content\/uploads\/2012\/11\/L1060043-150x150.jpg\" class=\"attachment-thumbnail size-thumbnail\" alt=\"\" loading=\"lazy\" \/><\/a>\n\t\t\t<\/dt><\/dl><br style=\"clear: both\" \/><dl class='gallery-item'>\n\t\t\t<dt class='gallery-icon landscape'>\n\t\t\t\t<a href='https:\/\/www.gs-schweigert.de\/?attachment_id=466'><img width=\"150\" height=\"150\" src=\"https:\/\/www.gs-schweigert.de\/wp-content\/uploads\/2012\/11\/L1050976-150x150.jpg\" class=\"attachment-thumbnail size-thumbnail\" alt=\"\" loading=\"lazy\" \/><\/a>\n\t\t\t<\/dt><\/dl><dl class='gallery-item'>\n\t\t\t<dt class='gallery-icon landscape'>\n\t\t\t\t<a href='https:\/\/www.gs-schweigert.de\/?attachment_id=488'><img width=\"150\" height=\"150\" src=\"https:\/\/www.gs-schweigert.de\/wp-content\/uploads\/2012\/11\/DSC_0260-150x150.jpg\" class=\"attachment-thumbnail size-thumbnail\" alt=\"\" loading=\"lazy\" \/><\/a>\n\t\t\t<\/dt><\/dl><dl class='gallery-item'>\n\t\t\t<dt class='gallery-icon landscape'>\n\t\t\t\t<a href='https:\/\/www.gs-schweigert.de\/?attachment_id=489'><img width=\"150\" height=\"150\" src=\"https:\/\/www.gs-schweigert.de\/wp-content\/uploads\/2012\/11\/DSC_0262-150x150.jpg\" class=\"attachment-thumbnail size-thumbnail\" alt=\"\" loading=\"lazy\" \/><\/a>\n\t\t\t<\/dt><\/dl><br style=\"clear: both\" \/><dl class='gallery-item'>\n\t\t\t<dt class='gallery-icon landscape'>\n\t\t\t\t<a href='https:\/\/www.gs-schweigert.de\/?attachment_id=490'><img width=\"150\" height=\"150\" src=\"https:\/\/www.gs-schweigert.de\/wp-content\/uploads\/2012\/11\/DSC_0264-150x150.jpg\" class=\"attachment-thumbnail size-thumbnail\" alt=\"\" loading=\"lazy\" \/><\/a>\n\t\t\t<\/dt><\/dl><dl class='gallery-item'>\n\t\t\t<dt class='gallery-icon landscape'>\n\t\t\t\t<a href='https:\/\/www.gs-schweigert.de\/?attachment_id=491'><img width=\"150\" height=\"150\" src=\"https:\/\/www.gs-schweigert.de\/wp-content\/uploads\/2012\/11\/DSC_0281-150x150.jpg\" class=\"attachment-thumbnail size-thumbnail\" alt=\"\" loading=\"lazy\" \/><\/a>\n\t\t\t<\/dt><\/dl><dl class='gallery-item'>\n\t\t\t<dt class='gallery-icon landscape'>\n\t\t\t\t<a href='https:\/\/www.gs-schweigert.de\/?attachment_id=492'><img width=\"150\" height=\"150\" src=\"https:\/\/www.gs-schweigert.de\/wp-content\/uploads\/2012\/11\/DSC_0299-150x150.jpg\" class=\"attachment-thumbnail size-thumbnail\" alt=\"\" loading=\"lazy\" \/><\/a>\n\t\t\t<\/dt><\/dl><br style=\"clear: both\" \/><dl class='gallery-item'>\n\t\t\t<dt class='gallery-icon landscape'>\n\t\t\t\t<a href='https:\/\/www.gs-schweigert.de\/?attachment_id=493'><img width=\"150\" height=\"150\" src=\"https:\/\/www.gs-schweigert.de\/wp-content\/uploads\/2012\/11\/DSC_0303-150x150.jpg\" class=\"attachment-thumbnail size-thumbnail\" alt=\"\" loading=\"lazy\" \/><\/a>\n\t\t\t<\/dt><\/dl><dl class='gallery-item'>\n\t\t\t<dt class='gallery-icon landscape'>\n\t\t\t\t<a href='https:\/\/www.gs-schweigert.de\/?attachment_id=494'><img width=\"150\" height=\"150\" src=\"https:\/\/www.gs-schweigert.de\/wp-content\/uploads\/2012\/11\/DSC_0305-150x150.jpg\" class=\"attachment-thumbnail size-thumbnail\" alt=\"\" loading=\"lazy\" \/><\/a>\n\t\t\t<\/dt><\/dl><dl class='gallery-item'>\n\t\t\t<dt class='gallery-icon landscape'>\n\t\t\t\t<a href='https:\/\/www.gs-schweigert.de\/?attachment_id=495'><img width=\"150\" height=\"150\" src=\"https:\/\/www.gs-schweigert.de\/wp-content\/uploads\/2012\/11\/DSC_0308-150x150.jpg\" class=\"attachment-thumbnail size-thumbnail\" alt=\"\" loading=\"lazy\" \/><\/a>\n\t\t\t<\/dt><\/dl><br style=\"clear: both\" \/><dl class='gallery-item'>\n\t\t\t<dt class='gallery-icon portrait'>\n\t\t\t\t<a href='https:\/\/www.gs-schweigert.de\/?attachment_id=496'><img width=\"150\" height=\"150\" src=\"https:\/\/www.gs-schweigert.de\/wp-content\/uploads\/2012\/11\/DSC_0310-150x150.jpg\" class=\"attachment-thumbnail size-thumbnail\" alt=\"\" loading=\"lazy\" \/><\/a>\n\t\t\t<\/dt><\/dl><dl class='gallery-item'>\n\t\t\t<dt class='gallery-icon landscape'>\n\t\t\t\t<a href='https:\/\/www.gs-schweigert.de\/?attachment_id=497'><img width=\"150\" height=\"150\" src=\"https:\/\/www.gs-schweigert.de\/wp-content\/uploads\/2012\/11\/DSC_0311-150x150.jpg\" class=\"attachment-thumbnail size-thumbnail\" alt=\"\" loading=\"lazy\" \/><\/a>\n\t\t\t<\/dt><\/dl><dl class='gallery-item'>\n\t\t\t<dt class='gallery-icon landscape'>\n\t\t\t\t<a href='https:\/\/www.gs-schweigert.de\/?attachment_id=498'><img width=\"150\" height=\"150\" src=\"https:\/\/www.gs-schweigert.de\/wp-content\/uploads\/2012\/11\/DSC_0312-150x150.jpg\" class=\"attachment-thumbnail size-thumbnail\" alt=\"\" loading=\"lazy\" \/><\/a>\n\t\t\t<\/dt><\/dl><br style=\"clear: both\" \/><dl class='gallery-item'>\n\t\t\t<dt class='gallery-icon portrait'>\n\t\t\t\t<a href='https:\/\/www.gs-schweigert.de\/?attachment_id=499'><img width=\"150\" height=\"150\" src=\"https:\/\/www.gs-schweigert.de\/wp-content\/uploads\/2012\/11\/DSC_0313-150x150.jpg\" class=\"attachment-thumbnail size-thumbnail\" alt=\"\" loading=\"lazy\" \/><\/a>\n\t\t\t<\/dt><\/dl><dl class='gallery-item'>\n\t\t\t<dt class='gallery-icon landscape'>\n\t\t\t\t<a href='https:\/\/www.gs-schweigert.de\/?attachment_id=500'><img width=\"150\" height=\"150\" src=\"https:\/\/www.gs-schweigert.de\/wp-content\/uploads\/2012\/11\/DSC_0315-150x150.jpg\" class=\"attachment-thumbnail size-thumbnail\" alt=\"\" loading=\"lazy\" \/><\/a>\n\t\t\t<\/dt><\/dl><dl class='gallery-item'>\n\t\t\t<dt class='gallery-icon landscape'>\n\t\t\t\t<a href='https:\/\/www.gs-schweigert.de\/?attachment_id=501'><img width=\"150\" height=\"150\" src=\"https:\/\/www.gs-schweigert.de\/wp-content\/uploads\/2012\/11\/DSC_0316-150x150.jpg\" class=\"attachment-thumbnail size-thumbnail\" alt=\"\" loading=\"lazy\" \/><\/a>\n\t\t\t<\/dt><\/dl><br style=\"clear: both\" \/><dl class='gallery-item'>\n\t\t\t<dt class='gallery-icon landscape'>\n\t\t\t\t<a href='https:\/\/www.gs-schweigert.de\/?attachment_id=502'><img width=\"150\" height=\"150\" src=\"https:\/\/www.gs-schweigert.de\/wp-content\/uploads\/2012\/11\/DSC_0318-150x150.jpg\" class=\"attachment-thumbnail size-thumbnail\" alt=\"\" loading=\"lazy\" \/><\/a>\n\t\t\t<\/dt><\/dl><dl class='gallery-item'>\n\t\t\t<dt class='gallery-icon landscape'>\n\t\t\t\t<a href='https:\/\/www.gs-schweigert.de\/?attachment_id=503'><img width=\"150\" height=\"150\" src=\"https:\/\/www.gs-schweigert.de\/wp-content\/uploads\/2012\/11\/DSC_0319-150x150.jpg\" class=\"attachment-thumbnail size-thumbnail\" alt=\"\" loading=\"lazy\" \/><\/a>\n\t\t\t<\/dt><\/dl><dl class='gallery-item'>\n\t\t\t<dt class='gallery-icon landscape'>\n\t\t\t\t<a href='https:\/\/www.gs-schweigert.de\/?attachment_id=504'><img width=\"150\" height=\"150\" src=\"https:\/\/www.gs-schweigert.de\/wp-content\/uploads\/2012\/11\/DSC_0322-150x150.jpg\" class=\"attachment-thumbnail size-thumbnail\" alt=\"\" loading=\"lazy\" \/><\/a>\n\t\t\t<\/dt><\/dl><br style=\"clear: both\" \/><dl class='gallery-item'>\n\t\t\t<dt class='gallery-icon landscape'>\n\t\t\t\t<a href='https:\/\/www.gs-schweigert.de\/?attachment_id=505'><img width=\"150\" height=\"150\" src=\"https:\/\/www.gs-schweigert.de\/wp-content\/uploads\/2012\/11\/DSC_0326-150x150.jpg\" class=\"attachment-thumbnail size-thumbnail\" alt=\"\" loading=\"lazy\" \/><\/a>\n\t\t\t<\/dt><\/dl><dl class='gallery-item'>\n\t\t\t<dt class='gallery-icon landscape'>\n\t\t\t\t<a href='https:\/\/www.gs-schweigert.de\/?attachment_id=506'><img width=\"150\" height=\"150\" src=\"https:\/\/www.gs-schweigert.de\/wp-content\/uploads\/2012\/11\/DSC_0327-150x150.jpg\" class=\"attachment-thumbnail size-thumbnail\" alt=\"\" loading=\"lazy\" \/><\/a>\n\t\t\t<\/dt><\/dl><dl class='gallery-item'>\n\t\t\t<dt class='gallery-icon landscape'>\n\t\t\t\t<a href='https:\/\/www.gs-schweigert.de\/?attachment_id=507'><img width=\"150\" height=\"150\" src=\"https:\/\/www.gs-schweigert.de\/wp-content\/uploads\/2012\/11\/DSC_0329-150x150.jpg\" class=\"attachment-thumbnail size-thumbnail\" alt=\"\" loading=\"lazy\" \/><\/a>\n\t\t\t<\/dt><\/dl><br style=\"clear: both\" \/><dl class='gallery-item'>\n\t\t\t<dt class='gallery-icon landscape'>\n\t\t\t\t<a href='https:\/\/www.gs-schweigert.de\/?attachment_id=508'><img width=\"150\" height=\"150\" src=\"https:\/\/www.gs-schweigert.de\/wp-content\/uploads\/2012\/11\/DSC_0333-150x150.jpg\" class=\"attachment-thumbnail size-thumbnail\" alt=\"\" loading=\"lazy\" \/><\/a>\n\t\t\t<\/dt><\/dl><dl class='gallery-item'>\n\t\t\t<dt class='gallery-icon landscape'>\n\t\t\t\t<a href='https:\/\/www.gs-schweigert.de\/?attachment_id=509'><img width=\"150\" height=\"150\" src=\"https:\/\/www.gs-schweigert.de\/wp-content\/uploads\/2012\/11\/DSC_0337-150x150.jpg\" class=\"attachment-thumbnail size-thumbnail\" alt=\"\" loading=\"lazy\" \/><\/a>\n\t\t\t<\/dt><\/dl><dl class='gallery-item'>\n\t\t\t<dt class='gallery-icon landscape'>\n\t\t\t\t<a href='https:\/\/www.gs-schweigert.de\/?attachment_id=510'><img width=\"150\" height=\"150\" src=\"https:\/\/www.gs-schweigert.de\/wp-content\/uploads\/2012\/11\/DSC_0339-150x150.jpg\" class=\"attachment-thumbnail size-thumbnail\" alt=\"\" loading=\"lazy\" \/><\/a>\n\t\t\t<\/dt><\/dl><br style=\"clear: both\" \/><dl class='gallery-item'>\n\t\t\t<dt class='gallery-icon landscape'>\n\t\t\t\t<a href='https:\/\/www.gs-schweigert.de\/?attachment_id=511'><img width=\"150\" height=\"150\" src=\"https:\/\/www.gs-schweigert.de\/wp-content\/uploads\/2012\/11\/DSC_0342-150x150.jpg\" class=\"attachment-thumbnail size-thumbnail\" alt=\"\" loading=\"lazy\" \/><\/a>\n\t\t\t<\/dt><\/dl><dl class='gallery-item'>\n\t\t\t<dt class='gallery-icon landscape'>\n\t\t\t\t<a href='https:\/\/www.gs-schweigert.de\/?attachment_id=512'><img width=\"150\" height=\"150\" src=\"https:\/\/www.gs-schweigert.de\/wp-content\/uploads\/2012\/11\/DSC_0343-150x150.jpg\" class=\"attachment-thumbnail size-thumbnail\" alt=\"\" loading=\"lazy\" \/><\/a>\n\t\t\t<\/dt><\/dl><dl class='gallery-item'>\n\t\t\t<dt class='gallery-icon portrait'>\n\t\t\t\t<a href='https:\/\/www.gs-schweigert.de\/?attachment_id=513'><img width=\"150\" height=\"150\" src=\"https:\/\/www.gs-schweigert.de\/wp-content\/uploads\/2012\/11\/DSC_0346-150x150.jpg\" class=\"attachment-thumbnail size-thumbnail\" alt=\"\" loading=\"lazy\" \/><\/a>\n\t\t\t<\/dt><\/dl><br style=\"clear: both\" \/><dl class='gallery-item'>\n\t\t\t<dt class='gallery-icon landscape'>\n\t\t\t\t<a href='https:\/\/www.gs-schweigert.de\/?attachment_id=514'><img width=\"150\" height=\"150\" src=\"https:\/\/www.gs-schweigert.de\/wp-content\/uploads\/2012\/11\/DSC_0349-150x150.jpg\" class=\"attachment-thumbnail size-thumbnail\" alt=\"\" loading=\"lazy\" \/><\/a>\n\t\t\t<\/dt><\/dl><dl class='gallery-item'>\n\t\t\t<dt class='gallery-icon landscape'>\n\t\t\t\t<a href='https:\/\/www.gs-schweigert.de\/?attachment_id=465'><img width=\"150\" height=\"150\" src=\"https:\/\/www.gs-schweigert.de\/wp-content\/uploads\/2012\/11\/DSC_0357-150x150.jpg\" class=\"attachment-thumbnail size-thumbnail\" alt=\"\" loading=\"lazy\" \/><\/a>\n\t\t\t<\/dt><\/dl>\n\t\t\t<br style='clear: both' \/>\n\t\t<\/div>\n\n","protected":false},"excerpt":{"rendered":"<p>Nachdem wir die erste Woche ca. 1 Autostunde \u00f6stlich im Nationalpark Peneda-Ger\u00eas waren, hatten wir in der zweiten Woche ein sehr sch\u00f6nes Ferienhaus etwas au\u00dferhalb von Vila Praia de \u00c2ncora, das wir \u00fcber DaSilva gebucht hatten. Anfang Oktober ist die &hellip; <a href=\"https:\/\/www.gs-schweigert.de\/?page_id=460\">Lesen fortsetzen <span class=\"meta-nav\">&rarr;<\/span><\/a><\/p>\n","protected":false},"author":1,"featured_media":0,"parent":456,"menu_order":0,"comment_status":"closed","ping_status":"closed","template":"","meta":[],"_links":{"self":[{"href":"https:\/\/www.gs-schweigert.de\/index.php?rest_route=\/wp\/v2\/pages\/460"}],"collection":[{"href":"https:\/\/www.gs-schweigert.de\/index.php?rest_route=\/wp\/v2\/pages"}],"about":[{"href":"https:\/\/www.gs-schweigert.de\/index.php?rest_route=\/wp\/v2\/types\/page"}],"author":[{"embeddable":true,"href":"https:\/\/www.gs-schweigert.de\/index.php?rest_route=\/wp\/v2\/users\/1"}],"replies":[{"embeddable":true,"href":"https:\/\/www.gs-schweigert.de\/index.php?rest_route=%2Fwp%2Fv2%2Fcomments&post=460"}],"version-history":[{"count":5,"href":"https:\/\/www.gs-schweigert.de\/index.php?rest_route=\/wp\/v2\/pages\/460\/revisions"}],"predecessor-version":[{"id":515,"href":"https:\/\/www.gs-schweigert.de\/index.php?rest_route=\/wp\/v2\/pages\/460\/revisions\/515"}],"up":[{"embeddable":true,"href":"https:\/\/www.gs-schweigert.de\/index.php?rest_route=\/wp\/v2\/pages\/456"}],"wp:attachment":[{"href":"https:\/\/www.gs-schweigert.de\/index.php?rest_route=%2Fwp%2Fv2%2Fmedia&parent=460"}],"curies":[{"name":"wp","href":"https:\/\/api.w.org\/{rel}","templated":true}]}}