{"id":5,"date":"2012-05-28T14:59:31","date_gmt":"2012-05-28T14:59:31","guid":{"rendered":"http:\/\/www.gs-schweigert.de\/?page_id=5"},"modified":"2012-05-28T18:26:01","modified_gmt":"2012-05-28T18:26:01","slug":"willkommen","status":"publish","type":"page","link":"https:\/\/www.gs-schweigert.de\/","title":{"rendered":"Willkommen"},"content":{"rendered":"<div>Auf den folgenden Seiten wollen wir den Teil unserer Freizeit-Aktivit\u00e4ten vorstellen, der vielleicht nicht ganz allt\u00e4glich ist.<\/div>\n<div>Mit die meiste Zeit im Jahr ben\u00f6tigt das Living History, also das Darstellen von vergangenen Zeiten. Dieses Hobby ist so komplex, dass wir ihm eine <a href=\"http:\/\/www.magister-montium.de\">eigene Homepage<\/a> gegeben haben.<\/div>\n<div>G\u00fcnter und ich stellen das Leben um das Jahr 1150 n. Chr. dar und haben als Spezialgebiet den mittelalterlichen Bergbau.<\/div>\n<div><\/div>\n<div>Im Jahr 2000 fuhr ich zum ersten Mal auf einem Windjammer mit und erf\u00fcllte mir damit einen Kindertraum, von dem ich lange nicht wu\u00dfte, dass er gar nicht sooo schwer zu erf\u00fcllen ist (zu dieser Zeit war das Internet noch nicht so verbreitet). In den Jahren darauf nahm ich noch an mehreren T\u00f6rns teil, beim letzten war auch zum ersten Mal mein Mann dabei. Wir werden sicherlich auch k\u00fcnftig wieder auf einem Segelschiff oder einer Yacht mitfahren, wann und mit welchem und wohin, ist im Moment noch unklar &#8230; vielleicht einmal wieder in w\u00e4rmeren Gefilden?<\/div>\n","protected":false},"excerpt":{"rendered":"<p>Auf den folgenden Seiten wollen wir den Teil unserer Freizeit-Aktivit\u00e4ten vorstellen, der vielleicht nicht ganz allt\u00e4glich ist. Mit die meiste Zeit im Jahr ben\u00f6tigt das Living History, also das Darstellen von vergangenen Zeiten. Dieses Hobby ist so komplex, dass wir &hellip; <a href=\"https:\/\/www.gs-schweigert.de\/\">Lesen fortsetzen <span class=\"meta-nav\">&rarr;<\/span><\/a><\/p>\n","protected":false},"author":1,"featured_media":0,"parent":0,"menu_order":0,"comment_status":"closed","ping_status":"closed","template":"","meta":[],"_links":{"self":[{"href":"https:\/\/www.gs-schweigert.de\/index.php?rest_route=\/wp\/v2\/pages\/5"}],"collection":[{"href":"https:\/\/www.gs-schweigert.de\/index.php?rest_route=\/wp\/v2\/pages"}],"about":[{"href":"https:\/\/www.gs-schweigert.de\/index.php?rest_route=\/wp\/v2\/types\/page"}],"author":[{"embeddable":true,"href":"https:\/\/www.gs-schweigert.de\/index.php?rest_route=\/wp\/v2\/users\/1"}],"replies":[{"embeddable":true,"href":"https:\/\/www.gs-schweigert.de\/index.php?rest_route=%2Fwp%2Fv2%2Fcomments&post=5"}],"version-history":[{"count":8,"href":"https:\/\/www.gs-schweigert.de\/index.php?rest_route=\/wp\/v2\/pages\/5\/revisions"}],"predecessor-version":[{"id":225,"href":"https:\/\/www.gs-schweigert.de\/index.php?rest_route=\/wp\/v2\/pages\/5\/revisions\/225"}],"wp:attachment":[{"href":"https:\/\/www.gs-schweigert.de\/index.php?rest_route=%2Fwp%2Fv2%2Fmedia&parent=5"}],"curies":[{"name":"wp","href":"https:\/\/api.w.org\/{rel}","templated":true}]}}